{"id":73,"date":"2013-06-12T15:22:11","date_gmt":"2013-06-12T14:22:11","guid":{"rendered":"http:\/\/www.xn--itinraireculturelfrancsetwisigoths-e9c.fr\/?page_id=73"},"modified":"2014-11-19T11:37:28","modified_gmt":"2014-11-19T10:37:28","slug":"rejoindre-notre-reseau","status":"publish","type":"page","link":"http:\/\/www.xn--itinraireculturelfrancsetwisigoths-e9c.fr\/?page_id=73","title":{"rendered":"La charte F.F.I.C.E&#8230;."},"content":{"rendered":"<p style=\"text-align: justify; padding-left: 30px;\"><span style=\"color: #000000;\">Pour rejoindre notre r\u00e9seau ou itin\u00e9raire culturel,\u00a0deux possibilit\u00e9s.\u00a0C<\/span><span style=\"color: #000000;\">omme adh\u00e9rent. Pour cela <\/span><span style=\"color: #000000;\">il suffit d&#8217;\u00eatre une structure de type associatif en lien avec les Francs et les Wisigoths et accepter la charte \u00e9thique des valeurs de la F\u00e9d\u00e9ration Fran\u00e7aise des Itin\u00e9raires Culturels Europ\u00e9ens <a href=\"http:\/\/www.ffice.eu\">(F.F.I.C.E.) <\/a>en la signant, <\/span><span style=\"color: #000000;\">ou comme partenaire d&#8217;une structure locale\u00a0pour des actions communes dans le respect de\u00a0cette charte.<\/span><\/p>\n<blockquote>\n<p style=\"text-align: justify;\" align=\"LEFT\"><span style=\"color: #000000;\">&#8220;Cette charte \u00e9thique \u00e9nonce, dans un ordre d\u2019expos\u00e9 et sans hi\u00e9rarchie, les valeurs fondatrices communes des membres de la F\u00e9d\u00e9ration Fran\u00e7aise des Itin\u00e9raires Culturels Europ\u00e9ens. Ceux-ci s\u2019engagent \u00e0 respecter ces valeurs et \u00e0 les diffuser par leur action en faveur du patrimoine culturel en France et en Europe. Cette charte traduit par les valeurs qu\u2019elle \u00e9nonce la mission de la F.F.I.C.E. telle qu\u2019elle est inscrite dans ses statuts.&#8221; <\/span><\/p>\n<p style=\"text-align: right;\" align=\"LEFT\">Extrait de la charte des valeurs F.F.I.C.E<\/p>\n<\/blockquote>\n<p style=\"padding-left: 30px;\"><a href=\"http:\/\/www.xn--itinraireculturelfrancsetwisigoths-e9c.fr\/wp-content\/uploads\/2013\/11\/FFICE-charte-des-valeurs-Adaptation-pour-VsH-GP-8-Oct.2013.pdf\" target=\"_blank\">Cliquez ici<\/a>\u00a0<span style=\"color: #000000;\">pour t\u00e9l\u00e9charger la charte des valeurs F.F.I.C.E<\/span>.<\/p>\n","protected":false},"excerpt":{"rendered":"<p>Pour rejoindre notre r\u00e9seau ou itin\u00e9raire culturel,\u00a0deux possibilit\u00e9s.\u00a0Comme adh\u00e9rent. Pour cela il suffit d&#8217;\u00eatre une structure de type associatif en lien avec les Francs et les Wisigoths et accepter la charte \u00e9thique des valeurs de la F\u00e9d\u00e9ration Fran\u00e7aise des Itin\u00e9raires &hellip; <a href=\"http:\/\/www.xn--itinraireculturelfrancsetwisigoths-e9c.fr\/?page_id=73\">Continuer la lecture <span class=\"meta-nav\">&rarr;<\/span><\/a><\/p>\n","protected":false},"author":1,"featured_media":0,"parent":0,"menu_order":0,"comment_status":"closed","ping_status":"closed","template":"sidebar-page.php","meta":{"footnotes":""},"class_list":["post-73","page","type-page","status-publish","hentry"],"_links":{"self":[{"href":"http:\/\/www.xn--itinraireculturelfrancsetwisigoths-e9c.fr\/index.php?rest_route=\/wp\/v2\/pages\/73","targetHints":{"allow":["GET"]}}],"collection":[{"href":"http:\/\/www.xn--itinraireculturelfrancsetwisigoths-e9c.fr\/index.php?rest_route=\/wp\/v2\/pages"}],"about":[{"href":"http:\/\/www.xn--itinraireculturelfrancsetwisigoths-e9c.fr\/index.php?rest_route=\/wp\/v2\/types\/page"}],"author":[{"embeddable":true,"href":"http:\/\/www.xn--itinraireculturelfrancsetwisigoths-e9c.fr\/index.php?rest_route=\/wp\/v2\/users\/1"}],"replies":[{"embeddable":true,"href":"http:\/\/www.xn--itinraireculturelfrancsetwisigoths-e9c.fr\/index.php?rest_route=%2Fwp%2Fv2%2Fcomments&post=73"}],"version-history":[{"count":47,"href":"http:\/\/www.xn--itinraireculturelfrancsetwisigoths-e9c.fr\/index.php?rest_route=\/wp\/v2\/pages\/73\/revisions"}],"predecessor-version":[{"id":1811,"href":"http:\/\/www.xn--itinraireculturelfrancsetwisigoths-e9c.fr\/index.php?rest_route=\/wp\/v2\/pages\/73\/revisions\/1811"}],"wp:attachment":[{"href":"http:\/\/www.xn--itinraireculturelfrancsetwisigoths-e9c.fr\/index.php?rest_route=%2Fwp%2Fv2%2Fmedia&parent=73"}],"curies":[{"name":"wp","href":"https:\/\/api.w.org\/{rel}","templated":true}]}}